{"id":669,"date":"2023-10-04T14:22:17","date_gmt":"2023-10-04T17:22:17","guid":{"rendered":"https:\/\/claudiomele.com\/?page_id=669"},"modified":"2024-09-04T18:55:59","modified_gmt":"2024-09-04T21:55:59","slug":"biografia","status":"publish","type":"page","link":"https:\/\/claudiomele.com\/it\/biografia\/","title":{"rendered":"Su di me"},"content":{"rendered":"<div class=\"row wpb_row row-fluid\"><div class=\"wpb_column columns medium-12 thb-dark-column small-12\"><div class=\"vc_column-inner\"><div class=\"wpb_wrapper\">\t<div class=\"thb_styled_header style1\" id=\"thb-styled-header-14\">\n\tSu di me\t\t<\/div>\n\t\n\t<div class=\"wpb_text_column wpb_content_element   text-center\" >\n\t\t<div class=\"wpb_wrapper\">\n\t\t\t<div style=\"text-align: left;\">\n<p><b><img data-recalc-dims=\"1\" loading=\"lazy\" decoding=\"async\" class=\"alignright wp-image-1011\" src=\"https:\/\/i0.wp.com\/claudiomele.com\/wp-content\/uploads\/2024\/02\/CLAUDIO-home3.jpg?resize=580%2C453&#038;ssl=1\" alt=\"\" width=\"580\" height=\"453\" srcset=\"https:\/\/i0.wp.com\/claudiomele.com\/wp-content\/uploads\/2024\/02\/CLAUDIO-home3.jpg?resize=300%2C234&amp;ssl=1 300w, https:\/\/i0.wp.com\/claudiomele.com\/wp-content\/uploads\/2024\/02\/CLAUDIO-home3.jpg?resize=1024%2C799&amp;ssl=1 1024w, https:\/\/i0.wp.com\/claudiomele.com\/wp-content\/uploads\/2024\/02\/CLAUDIO-home3.jpg?resize=768%2C599&amp;ssl=1 768w, https:\/\/i0.wp.com\/claudiomele.com\/wp-content\/uploads\/2024\/02\/CLAUDIO-home3.jpg?resize=20%2C16&amp;ssl=1 20w, https:\/\/i0.wp.com\/claudiomele.com\/wp-content\/uploads\/2024\/02\/CLAUDIO-home3.jpg?resize=150%2C117&amp;ssl=1 150w, https:\/\/i0.wp.com\/claudiomele.com\/wp-content\/uploads\/2024\/02\/CLAUDIO-home3.jpg?resize=600%2C468&amp;ssl=1 600w, https:\/\/i0.wp.com\/claudiomele.com\/wp-content\/uploads\/2024\/02\/CLAUDIO-home3.jpg?resize=900%2C702&amp;ssl=1 900w, https:\/\/i0.wp.com\/claudiomele.com\/wp-content\/uploads\/2024\/02\/CLAUDIO-home3.jpg?w=1038&amp;ssl=1 1038w\" sizes=\"auto, (max-width: 580px) 100vw, 580px\" \/>Claudio Mele, italiano nato in Per\u00f9.<\/b><\/p>\n<p><span style=\"font-weight: 400;\">Ho vissuto in Brasile, dove ho iniziato gli studi universitari, completando la mia formazione come economista presso l&#039;Universit\u00e0 La Sapienza di Roma.<a href=\"https:\/\/claudiomele.com\/it\/\" target=\"_blank\" rel=\"noopener\">,<\/a> nel 1985.<\/span><\/p>\n<p><span style=\"font-weight: 400;\">Per 30 anni ho lavorato nella finanza per un gruppo internazionale in diversi paesi dell&#039;America Latina, con sede a Rio de Janeiro, San Paolo e Buenos Aires. Nel 2016 ho iniziato la mia formazione in Psicologia Analitica presso il Carl Gustav Jung Institute di Zurigo e in Psicologia presso l&#039;Universit\u00e0 di Buenos Aires.<\/span><\/p>\n<p><span style=\"font-weight: 400;\">Tra giugno 2020 e il 2023 ho lavorato come psicoanalista presso la clinica ambulatoriale CG Jung di Zurigo e con rifugiati politici a L\u00f6rrach, in Germania. Da ottobre 2020 esercito la professione a Zurigo (Streulistrasse 2, 8032) e a Schopfheim, in Germania (Roggenbachstra\u00dfe 58, 79650). Tra il 2021 e il 2023 ho collaborato con studenti MBA presso l&#039;IMD Business School di Losanna nell&#039;ambito dello Sviluppo Personale.<\/span><\/p>\n<p>Nel 2023 ho completato la mia formazione presso il CG Jung Institute di Zurigo, dove sono membro analista e faccio parte del Comitato di Ricerca. Sono membro dell&#039;IAAP (International Association for Analytical Psychology) e dell&#039;ARPA (Associazione per la Ricerca in Psicologia Anal\u00edtica). Dal 2021 scrivo, presento e partecipo a congressi psicoanalitici.<\/p>\n<p>Nel 2023, insieme a un gruppo di psicoanalisti, ho fondato il Centro Unitas, un centro junghiano che si propone di organizzare seminari, gruppi di studio e offrire psicoanalisi e consulenza a individui, gruppi e aziende.<\/p>\n<p><span style=\"font-weight: 400;\">Dal 2023<a href=\"https:\/\/www.facebook.com\/claudio.mele.758\" target=\"_blank\" rel=\"noopener\">,<\/a> Ho iniziato a sviluppare, insieme a un astrologo, un metodo chiamato Consulenza Psicoanalitica Astrologica, in cui psicoanalisi e astrologia lavorano insieme con l&#039;obiettivo di supportare l&#039;individuo nel suo sviluppo.<\/span><\/p>\n<\/div>\n\n\t\t<\/div>\n\t<\/div>\n<div class=\"vc_empty_space\" id=\"thb-empty-space-69fc9ba557e9b\"  style=\"height: 32px\" ><span class=\"vc_empty_space_inner\"><\/span><\/div>\n<\/div><\/div><\/div><\/div>","protected":false},"excerpt":{"rendered":"Sobre Mim Claudio Mele, italiano nascido no Peru. Vivi no Brasil, onde iniciei meus estudos universit\u00e1rios, concluindo minha forma\u00e7\u00e3o como economista na Universidade La Sapienza, em Roma, em 1985. Ao longo de 30 anos, trabalhei em finan\u00e7as em um grupo internacional, em v\u00e1rios pa\u00edses da Am\u00e9rica Latina, tendo como base o Rio de Janeiro, S\u00e3o&hellip;","protected":false},"author":1,"featured_media":0,"parent":0,"menu_order":0,"comment_status":"closed","ping_status":"closed","template":"","meta":{"footnotes":""},"class_list":["post-669","page","type-page","status-publish","hentry"],"aioseo_notices":[],"jetpack_sharing_enabled":true,"_links":{"self":[{"href":"https:\/\/claudiomele.com\/it\/wp-json\/wp\/v2\/pages\/669","targetHints":{"allow":["GET"]}}],"collection":[{"href":"https:\/\/claudiomele.com\/it\/wp-json\/wp\/v2\/pages"}],"about":[{"href":"https:\/\/claudiomele.com\/it\/wp-json\/wp\/v2\/types\/page"}],"author":[{"embeddable":true,"href":"https:\/\/claudiomele.com\/it\/wp-json\/wp\/v2\/users\/1"}],"replies":[{"embeddable":true,"href":"https:\/\/claudiomele.com\/it\/wp-json\/wp\/v2\/comments?post=669"}],"version-history":[{"count":23,"href":"https:\/\/claudiomele.com\/it\/wp-json\/wp\/v2\/pages\/669\/revisions"}],"predecessor-version":[{"id":1413,"href":"https:\/\/claudiomele.com\/it\/wp-json\/wp\/v2\/pages\/669\/revisions\/1413"}],"wp:attachment":[{"href":"https:\/\/claudiomele.com\/it\/wp-json\/wp\/v2\/media?parent=669"}],"curies":[{"name":"wp","href":"https:\/\/api.w.org\/{rel}","templated":true}]}}