{"id":671,"date":"2023-10-04T14:23:50","date_gmt":"2023-10-04T17:23:50","guid":{"rendered":"https:\/\/claudiomele.com\/?page_id=671"},"modified":"2024-09-04T19:15:47","modified_gmt":"2024-09-04T22:15:47","slug":"mi-propuesta","status":"publish","type":"page","link":"https:\/\/claudiomele.com\/es\/mi-propuesta\/","title":{"rendered":"Mi propuesta"},"content":{"rendered":"<div class=\"row wpb_row row-fluid text-center align-center no-padding full-width-row mouse_scroll_row vc_custom_1696455950206 row-has-fill row-o-full-height full-height-content row-o-columns-middle row-flex\"><div class=\"wpb_column columns medium-12 large-8 medium-10 thb-light-column small-12\"><div class=\"vc_column-inner\"><div class=\"wpb_wrapper\"><\/div><\/div><\/div><div class=\"scroll-bottom light style2\"><div><\/div><\/div><\/div><div class=\"row wpb_row row-fluid align-center vc_custom_1490812464967\"><div class=\"wpb_column columns medium-12 large-7 medium-9 thb-dark-column small-12\"><div class=\"vc_column-inner\"><div class=\"wpb_wrapper\"><div class=\"vc_empty_space\" id=\"thb-empty-space-69f9acdaa9b9c\"  style=\"height: 32px\" ><span class=\"vc_empty_space_inner\"><\/span><\/div>\n\n\t<div class=\"wpb_text_column wpb_content_element\" >\n\t\t<div class=\"wpb_wrapper\">\n\t\t\t<h2 data-pm-slice=\"1 1 &#091;&#093;\" data-en-clipboard=\"true\">Propuesta de Consultor\u00eda Psicoanal\u00edtica para Superar Desaf\u00edos Profesionales y Personales<\/h2>\n<div id=\"gtx-trans\" style=\"position: absolute; left: 0px; top: -4.09375px;\">\n<div class=\"gtx-trans-icon\"><\/div>\n<\/div>\n\n\t\t<\/div>\n\t<\/div>\n<div class=\"vc_empty_space\" id=\"thb-empty-space-69f9acdaa9c8e\"  style=\"height: 32px\" ><span class=\"vc_empty_space_inner\"><\/span><\/div>\n\n\t<div class=\"wpb_text_column wpb_content_element\" >\n\t\t<div class=\"wpb_wrapper\">\n\t\t\t<div style=\"padding-left: 40px;\">\n<p>En la actualidad, la vida nos presenta desaf\u00edos complejos que a menudo requieren el apoyo de un especialista capaz de promover la conexi\u00f3n entre el mundo interior y el exterior, estimulando la creatividad de forma sostenida. Mi propuesta busca brindar apoyo a las personas, ayud\u00e1ndolas a descubrir sus recursos internos para superar desaf\u00edos profesionales, personales y existenciales.<\/p>\n<p>Mis clientes son personas que se sienten abrumadas por problemas relacionados con los desaf\u00edos profesionales y personales, y buscan apoyo debido a la falta de sentido y perspectiva en sus vidas. Domino cuatro idiomas (italiano, ingl\u00e9s, portugu\u00e9s y espa\u00f1ol). Las sesiones pueden ser presenciales o en l\u00ednea.<\/p>\n<\/div>\n\n\t\t<\/div>\n\t<\/div>\n<div class=\"vc_empty_space\" id=\"thb-empty-space-69f9acdaa9d46\"  style=\"height: 32px\" ><span class=\"vc_empty_space_inner\"><\/span><\/div>\n\n\t<div class=\"wpb_text_column wpb_content_element\" >\n\t\t<div class=\"wpb_wrapper\">\n\t\t\t<h3>Mi enfoque se basa en varios pilares:<\/h3>\n<div id=\"gtx-trans\" style=\"position: absolute; left: 11px; top: -6.28125px;\">\n<div class=\"gtx-trans-icon\"><\/div>\n<\/div>\n\n\t\t<\/div>\n\t<\/div>\n<div class=\"vc_empty_space\" id=\"thb-empty-space-69f9acdaa9dd8\"  style=\"height: 32px\" ><span class=\"vc_empty_space_inner\"><\/span><\/div>\n\n\t<div class=\"wpb_text_column wpb_content_element\" >\n\t\t<div class=\"wpb_wrapper\">\n\t\t\t<div style=\"padding-left: 40px;\">\n<ul>\n<li>Experiencia profesional y de vida, incluyendo m\u00e1s de 30 a\u00f1os como economista en diferentes pa\u00edses y contextos culturales.<\/li>\n<li>Psicolog\u00eda junguiana, que reconoce la singularidad de cada individuo, pero tambi\u00e9n la conexi\u00f3n colectiva a trav\u00e9s del inconsciente.<\/li>\n<li>Interpretaci\u00f3n de los sue\u00f1os<\/li>\n<li>Imaginaci\u00f3n guiada y activa<\/li>\n<li>Tarot<\/li>\n<li>I Ching<\/li>\n<li>Astrolog\u00eda<\/li>\n<li>M\u00fasica<\/li>\n<li>Arte<\/li>\n<\/ul>\n<\/div>\n\n\t\t<\/div>\n\t<\/div>\n<div class=\"vc_empty_space\" id=\"thb-empty-space-69f9acdaa9e8f\"  style=\"height: 32px\" ><span class=\"vc_empty_space_inner\"><\/span><\/div>\n\n\t<div class=\"wpb_text_column wpb_content_element\" >\n\t\t<div class=\"wpb_wrapper\">\n\t\t\t<div style=\"padding-left: 40px;\">M\u00e1s que soluciones inmediatas, mi objetivo es brindar el apoyo necesario para que cada persona pueda descubrir sus recursos internos en su propio tiempo.<\/div>\n\n\t\t<\/div>\n\t<\/div>\n<div class=\"vc_empty_space\" id=\"thb-empty-space-69f9acdaa9f08\"  style=\"height: 32px\" ><span class=\"vc_empty_space_inner\"><\/span><\/div>\n\n\t<div class=\"wpb_text_column wpb_content_element\" >\n\t\t<div class=\"wpb_wrapper\">\n\t\t\t<h3>Adem\u00e1s, trato una variedad de problemas cotidianos como:<\/h3>\n\n\t\t<\/div>\n\t<\/div>\n<div class=\"vc_empty_space\" id=\"thb-empty-space-69f9acdaa9f9a\"  style=\"height: 32px\" ><span class=\"vc_empty_space_inner\"><\/span><\/div>\n\n\t<div class=\"wpb_text_column wpb_content_element\" >\n\t\t<div class=\"wpb_wrapper\">\n\t\t\t<ul>\n<li>Cambios de pa\u00eds y de trabajo<\/li>\n<li>Problemas de relaciones familiares<\/li>\n<li>Procesos de duelo<\/li>\n<li>Manejo del estr\u00e9s<\/li>\n<li>Transiciones de vida<\/li>\n<li>Fortalecimiento de la autoestima<\/li>\n<li>Resoluci\u00f3n de problemas de relaci\u00f3n<\/li>\n<li>Exploraci\u00f3n de cuestiones espirituales<\/li>\n<li>Estimular la motivaci\u00f3n personal<\/li>\n<li>Asesoramiento durante la crisis de la mediana edad<\/li>\n<li>Abordar cuestiones relacionadas con la sexualidad<\/li>\n<li>Tratamiento de la depresi\u00f3n<\/li>\n<li>Orientaci\u00f3n para superar las dificultades de concentraci\u00f3n<\/li>\n<li>Manejo de la ansiedad<\/li>\n<li>Apoyo en la construcci\u00f3n de la identidad personal<\/li>\n<li>Cuidado con los s\u00edntomas del s\u00edndrome de burnout<\/li>\n<li>Trabajar con trastornos alimentarios<\/li>\n<li>Resoluci\u00f3n de conflictos en las relaciones rom\u00e1nticas<\/li>\n<\/ul>\n\n\t\t<\/div>\n\t<\/div>\n<div class=\"vc_empty_space\" id=\"thb-empty-space-69f9acdaaa050\"  style=\"height: 32px\" ><span class=\"vc_empty_space_inner\"><\/span><\/div>\n<\/div><\/div><\/div><\/div>","protected":false},"excerpt":{"rendered":"Proposta de Consultoria Psicanal\u00edtica para Superar Desafios Profissionais e Pessoais Na contemporaneidade, a vida nos apresenta desafios complexos que frequentemente demandam o suporte de um especialista capaz de promover a conex\u00e3o entre o mundo interior e exterior, estimulando a criatividade de forma sustentada. Minha proposta visa oferecer apoio a indiv\u00edduos, auxiliando-os a descobrir seus recursos&hellip;","protected":false},"author":1,"featured_media":0,"parent":0,"menu_order":0,"comment_status":"closed","ping_status":"closed","template":"","meta":{"footnotes":""},"class_list":["post-671","page","type-page","status-publish","hentry"],"aioseo_notices":[],"jetpack_sharing_enabled":true,"_links":{"self":[{"href":"https:\/\/claudiomele.com\/es\/wp-json\/wp\/v2\/pages\/671","targetHints":{"allow":["GET"]}}],"collection":[{"href":"https:\/\/claudiomele.com\/es\/wp-json\/wp\/v2\/pages"}],"about":[{"href":"https:\/\/claudiomele.com\/es\/wp-json\/wp\/v2\/types\/page"}],"author":[{"embeddable":true,"href":"https:\/\/claudiomele.com\/es\/wp-json\/wp\/v2\/users\/1"}],"replies":[{"embeddable":true,"href":"https:\/\/claudiomele.com\/es\/wp-json\/wp\/v2\/comments?post=671"}],"version-history":[{"count":21,"href":"https:\/\/claudiomele.com\/es\/wp-json\/wp\/v2\/pages\/671\/revisions"}],"predecessor-version":[{"id":1416,"href":"https:\/\/claudiomele.com\/es\/wp-json\/wp\/v2\/pages\/671\/revisions\/1416"}],"wp:attachment":[{"href":"https:\/\/claudiomele.com\/es\/wp-json\/wp\/v2\/media?parent=671"}],"curies":[{"name":"wp","href":"https:\/\/api.w.org\/{rel}","templated":true}]}}